{"id":16643,"date":"2023-09-20T10:27:57","date_gmt":"2023-09-20T07:27:57","guid":{"rendered":"https:\/\/kamberoglu.com\/?page_id=16643"},"modified":"2023-09-28T15:04:49","modified_gmt":"2023-09-28T12:04:49","slug":"hakkimizda","status":"publish","type":"page","link":"https:\/\/umkteknik.com\/index.php\/hakkimizda\/","title":{"rendered":"Hakk\u0131m\u0131zda"},"content":{"rendered":"\t\t<div data-elementor-type=\"wp-page\" data-elementor-id=\"16643\" class=\"elementor elementor-16643\" data-elementor-post-type=\"page\">\n\t\t\t\t\t\t\t\t\t<section class=\"wd-negative-gap elementor-section elementor-top-section elementor-element elementor-element-b896c36 wd-section-stretch elementor-section-boxed elementor-section-height-default elementor-section-height-default\" data-id=\"b896c36\" data-element_type=\"section\" data-settings=\"{&quot;background_background&quot;:&quot;classic&quot;}\">\n\t\t\t\t\t\t\t<div class=\"elementor-background-overlay\"><\/div>\n\t\t\t\t\t\t\t<div class=\"elementor-container elementor-column-gap-default\">\n\t\t\t\t\t<div class=\"elementor-column elementor-col-100 elementor-top-column elementor-element elementor-element-5e0049c\" data-id=\"5e0049c\" data-element_type=\"column\">\n\t\t\t<div class=\"elementor-widget-wrap elementor-element-populated\">\n\t\t\t\t\t\t\t\t<div class=\"elementor-element elementor-element-715c725 elementor-widget elementor-widget-wd_infobox_carousel\" data-id=\"715c725\" data-element_type=\"widget\" data-widget_type=\"wd_infobox_carousel.default\">\n\t\t\t\t<div class=\"elementor-widget-container\">\n\t\t\t\t\t<div class=\"wd-carousel-container info-box-carousel-wrapper scroll-init wd-carousel-spacing-30\" data-owl-carousel data-speed=\"\" data-slides_per_view_tablet='{\"size\":\"\"}' data-slides_per_view_mobile='{\"size\":\"\"}' data-wrap=\"yes\" data-hide_pagination_control=\"no\" data-hide_prev_next_buttons=\"no\" data-desktop=\"1\" data-tablet=\"1\" data-tablet_landscape=\"1\" data-mobile=\"1\">\n\t\t\t<div class=\"owl-carousel wd-owl info-box-carousel owl-items-lg-1 owl-items-md-1 owl-items-sm-1 owl-items-xs-1\">\n\t\t\t\t\t\t\t\t\t\t\t\t\t\t\t\t<div class=\"info-box-wrapper\">\n\t\t\t<div class=\"wd-info-box text-center box-icon-align-top box-style-bg-hover color-scheme-  elementor-repeater-item-812f930 color-scheme-hover-light cursor-pointer\" onclick=\"window.location.href='#'\">\n\t\t\t\t\n\t\t\t\t<div class=\"info-box-content\">\n\t\t\t\t\t\t\t\t\t\t\t<div class=\"info-box-subtitle subtitle-color-default subtitle-style-default wd-fontsize-xs\"\n\t\t\t\t\t\t\t  data-elementor-setting-key=\"subtitle\">\n\t\t\t\t\t\t\tEMK TEKN\u0130K\t\t\t\t\t\t<\/div>\n\t\t\t\t\t\n\t\t\t\t\t\t\t\t\t\t\t<p\t\t\t\t\t\tclass=\"info-box-title title box-title-style-default wd-fontsize-m\" data-elementor-setting-key=\"title\">\n\t\t\t\t\t\t\t\tBizi Tan\u0131y\u0131n\t\t\t\t\t\t<\/p>\n\t\t\t\t\t\n\t\t\t\t\t<div class=\"info-box-inner set-cont-mb-s reset-last-child\"\n\t\t\t\t\t\t data-elementor-setting-key=\"content\">\n\t\t\t\t\t\t<p>Bizimle ileti\u015fime ge\u00e7in<\/p>\n\t\t\t\t\t<\/div>\n\t\n\t\t\t\t\t\t\t\t\t<\/div>\n\t\t\t<\/div>\n\t\t<\/div>\n\t\t\t\t\t\t\t\t\t<\/div>\n\t\t<\/div>\n\t\t\t\t<\/div>\n\t\t\t\t<\/div>\n\t\t\t\t\t<\/div>\n\t\t<\/div>\n\t\t\t\t\t\t\t<\/div>\n\t\t<\/section>\n\t\t\t\t<section class=\"elementor-section elementor-top-section elementor-element elementor-element-aa7b316 elementor-section-full_width wd-section-stretch elementor-section-height-default elementor-section-height-default\" data-id=\"aa7b316\" data-element_type=\"section\">\n\t\t\t\t\t\t<div class=\"elementor-container elementor-column-gap-default\">\n\t\t\t\t\t<div class=\"elementor-column elementor-col-100 elementor-top-column elementor-element elementor-element-c092699\" data-id=\"c092699\" data-element_type=\"column\">\n\t\t\t<div class=\"elementor-widget-wrap elementor-element-populated\">\n\t\t\t\t\t\t\t\t<div class=\"elementor-element elementor-element-bba05d0 elementor-widget elementor-widget-wd_title\" data-id=\"bba05d0\" data-element_type=\"widget\" data-widget_type=\"wd_title.default\">\n\t\t\t\t<div class=\"elementor-widget-container\">\n\t\t\t\t\t<div class=\"title-wrapper set-mb-s reset-last-child wd-title-color-black wd-title-style-default wd-title-size-extra-large text-center\">\n\n\t\t\t\n\t\t\t<div class=\"liner-continer\">\n\t\t\t\t<p class=\"woodmart-title-container title wd-fontsize-xxxl\">Hak\u0131m\u0131zda<\/p> \n\t\t\t\t\t\t\t<\/div>\n\n\t\t\t\t\t<\/div>\n\t\t\t\t<\/div>\n\t\t\t\t<\/div>\n\t\t\t\t\t<\/div>\n\t\t<\/div>\n\t\t\t\t\t\t\t<\/div>\n\t\t<\/section>\n\t\t\t\t<section class=\"elementor-section elementor-top-section elementor-element elementor-element-ec5802f elementor-section-full_width wd-section-stretch elementor-section-height-default elementor-section-height-default\" data-id=\"ec5802f\" data-element_type=\"section\">\n\t\t\t\t\t\t<div class=\"elementor-container elementor-column-gap-default\">\n\t\t\t\t\t<div class=\"elementor-column elementor-col-100 elementor-top-column elementor-element elementor-element-af4903e\" data-id=\"af4903e\" data-element_type=\"column\">\n\t\t\t<div class=\"elementor-widget-wrap elementor-element-populated\">\n\t\t\t\t\t\t\t\t<div class=\"elementor-element elementor-element-5ab6d33 text-center color-scheme-inherit elementor-widget elementor-widget-text-editor\" data-id=\"5ab6d33\" data-element_type=\"widget\" data-widget_type=\"text-editor.default\">\n\t\t\t\t<div class=\"elementor-widget-container\">\n\t\t\t<style>\/*! elementor - v3.16.0 - 14-09-2023 *\/\n.elementor-widget-text-editor.elementor-drop-cap-view-stacked .elementor-drop-cap{background-color:#69727d;color:#fff}.elementor-widget-text-editor.elementor-drop-cap-view-framed .elementor-drop-cap{color:#69727d;border:3px solid;background-color:transparent}.elementor-widget-text-editor:not(.elementor-drop-cap-view-default) .elementor-drop-cap{margin-top:8px}.elementor-widget-text-editor:not(.elementor-drop-cap-view-default) .elementor-drop-cap-letter{width:1em;height:1em}.elementor-widget-text-editor .elementor-drop-cap{float:left;text-align:center;line-height:1;font-size:50px}.elementor-widget-text-editor .elementor-drop-cap-letter{display:inline-block}<\/style>\t\t\t\t<p>20 y\u0131ll\u0131k sekt\u00f6rel deneyimizi ve yenilik\u00e7i bak\u0131\u015f a\u00e7\u0131m\u0131z ile tala\u015fl\u0131 imalat ,kesici ve tutucu tak\u0131mlar,tezgah ve kalip ba\u011flama ekipmanlar\u0131 tedari\u011fi ve teknik servis hizmetleri ile \u00e7\u00f6z\u00fcm ortaginiz olarak faaliyetlerimizi s\u00fcrd\u00fcrmekteyiz.<br \/>Profesyonel bak\u0131\u015f a\u00e7\u0131s\u0131 ile y\u00fcksek teknoloji \u00fcr\u00fcnleri tedarik ederek imalat sekt\u00f6r\u00fcnde \u00fcretim yapan firmalara ekonomik \u00e7\u00f6z\u00fcmler sunarak sat\u0131\u015f sonras\u0131 teknik destek hizmetleri ile faaliyetlerimizi s\u00fcrd\u00fcrmek birinci\u00a0onceligimizdir.<\/p>\t\t\t\t\t\t<\/div>\n\t\t\t\t<\/div>\n\t\t\t\t\t<\/div>\n\t\t<\/div>\n\t\t\t\t\t\t\t<\/div>\n\t\t<\/section>\n\t\t\t\t\t\t\t<\/div>\n\t\t","protected":false},"excerpt":{"rendered":"<p>EMK TEKN\u0130K Bizi Tan\u0131y\u0131n Bizimle ileti\u015fime ge\u00e7in Hak\u0131m\u0131zda 20 y\u0131ll\u0131k sekt\u00f6rel deneyimizi ve yenilik\u00e7i bak\u0131\u015f a\u00e7\u0131m\u0131z ile tala\u015fl\u0131 imalat ,kesici<\/p>\n","protected":false},"author":1,"featured_media":0,"parent":0,"menu_order":0,"comment_status":"closed","ping_status":"closed","template":"elementor_header_footer","meta":{"footnotes":""},"_links":{"self":[{"href":"https:\/\/umkteknik.com\/index.php\/wp-json\/wp\/v2\/pages\/16643"}],"collection":[{"href":"https:\/\/umkteknik.com\/index.php\/wp-json\/wp\/v2\/pages"}],"about":[{"href":"https:\/\/umkteknik.com\/index.php\/wp-json\/wp\/v2\/types\/page"}],"author":[{"embeddable":true,"href":"https:\/\/umkteknik.com\/index.php\/wp-json\/wp\/v2\/users\/1"}],"replies":[{"embeddable":true,"href":"https:\/\/umkteknik.com\/index.php\/wp-json\/wp\/v2\/comments?post=16643"}],"version-history":[{"count":16,"href":"https:\/\/umkteknik.com\/index.php\/wp-json\/wp\/v2\/pages\/16643\/revisions"}],"predecessor-version":[{"id":16721,"href":"https:\/\/umkteknik.com\/index.php\/wp-json\/wp\/v2\/pages\/16643\/revisions\/16721"}],"wp:attachment":[{"href":"https:\/\/umkteknik.com\/index.php\/wp-json\/wp\/v2\/media?parent=16643"}],"curies":[{"name":"wp","href":"https:\/\/api.w.org\/{rel}","templated":true}]}}